{"id":1903,"date":"2023-08-12T18:17:03","date_gmt":"2023-08-12T18:17:03","guid":{"rendered":"https:\/\/ki-know-how.de\/?page_id=1903"},"modified":"2023-08-19T08:03:12","modified_gmt":"2023-08-19T08:03:12","slug":"blog","status":"publish","type":"page","link":"https:\/\/ki-know-how.de\/en\/blog","title":{"rendered":"Blog"},"content":{"rendered":"<div data-elementor-type=\"wp-page\" data-elementor-id=\"1903\" class=\"elementor elementor-1903\">\n\t\t\t\t\t\t<section class=\"elementor-section elementor-top-section elementor-element elementor-element-a3cbb58 elementor-section-height-min-height elementor-section-boxed elementor-section-height-default elementor-section-items-middle elementor-invisible\" data-id=\"a3cbb58\" data-element_type=\"section\" data-e-type=\"section\" data-settings=\"{&quot;background_background&quot;:&quot;classic&quot;,&quot;animation&quot;:&quot;fadeIn&quot;}\">\n\t\t\t\t\t\t\t<div class=\"elementor-background-overlay\"><\/div>\n\t\t\t\t\t\t\t<div class=\"elementor-container elementor-column-gap-no\">\n\t\t\t\t\t<div class=\"elementor-column elementor-col-100 elementor-top-column elementor-element elementor-element-711d964\" data-id=\"711d964\" data-element_type=\"column\" data-e-type=\"column\">\n\t\t\t<div class=\"elementor-widget-wrap elementor-element-populated\">\n\t\t\t\t\t\t<div class=\"elementor-element elementor-element-a2cd4a8 elementor-widget elementor-widget-heading\" data-id=\"a2cd4a8\" data-element_type=\"widget\" data-e-type=\"widget\" data-widget_type=\"heading.default\">\n\t\t\t\t<div class=\"elementor-widget-container\">\n\t\t\t\t\t<h1 class=\"elementor-heading-title elementor-size-default\">Blog<\/h1>\t\t\t\t<\/div>\n\t\t\t\t<\/div>\n\t\t\t\t\t<\/div>\n\t\t<\/div>\n\t\t\t\t\t<\/div>\n\t\t<\/section>\n\t\t\t\t<section class=\"elementor-section elementor-top-section elementor-element elementor-element-3dda00e0 elementor-section-boxed elementor-section-height-default elementor-section-height-default\" data-id=\"3dda00e0\" data-element_type=\"section\" data-e-type=\"section\" data-settings=\"{&quot;background_background&quot;:&quot;classic&quot;}\">\n\t\t\t\t\t\t<div class=\"elementor-container elementor-column-gap-no\">\n\t\t\t\t\t<div class=\"elementor-column elementor-col-100 elementor-top-column elementor-element elementor-element-34524877\" data-id=\"34524877\" data-element_type=\"column\" data-e-type=\"column\">\n\t\t\t<div class=\"elementor-widget-wrap elementor-element-populated\">\n\t\t\t\t\t\t<div class=\"elementor-element elementor-element-5705fa0 elementor-widget elementor-widget-shortcode\" data-id=\"5705fa0\" data-element_type=\"widget\" data-e-type=\"widget\" data-widget_type=\"shortcode.default\">\n\t\t\t\t<div class=\"elementor-widget-container\">\n\t\t\t\t\t\t\t<div class=\"elementor-shortcode\"><div class=\"bdpp-wrap bdpp-lite bdpp-post-grid-wrap bdpp-post-data-wrap bdpp-design-1 bdpp-grid-3  bdpp-clearfix\" id=\"bdpp-post-grid-1\">\r\n\t<div class=\"bdpp-post-grid-inr-wrap bdpp-post-data-inr-wrap bdpp-clearfix\"><div class=\"bdpp-post-grid bdpp-col-3 bdpp-columns bdpp-post-2006 bdpp-post-standard bdpp-first bdpp-has-thumb\">\r\n\t<div class=\"bdpp-post-grid-content\">\r\n\t\t\t\t<div class=\"bdpp-post-img-bg\">\r\n\t\t\t<a href=\"https:\/\/ki-know-how.de\/en\/von-bert-zu-gpt-4-der-aufstieg-der-grossen-sprachmodelle\">\r\n\t\t\t\t<img decoding=\"async\" src=\"https:\/\/ki-know-how.de\/wp-content\/uploads\/2023\/09\/pexels-google-deepmind-18069697-150x150.jpg\" class=\"bdpp-img bdpp-post-feat-img\" alt=\"Von BERT zu GPT-4: Der Aufstieg der Gro\u00dfen Sprachmodelle\" \/>\r\n\t\t\t\t\t\t\t<\/a>\r\n\t\t<\/div>\r\n\t\t\r\n\t\t<h2 class=\"bdpp-post-title\">\r\n\t\t\t<a href=\"https:\/\/ki-know-how.de\/en\/von-bert-zu-gpt-4-der-aufstieg-der-grossen-sprachmodelle\">From BERT to GPT-4: The Rise of Large Language Models<\/a>\r\n\t\t<\/h2>\r\n\r\n\t\t\t\t<div class=\"bdpp-post-meta bdpp-post-meta-up\">\r\n\t\t\t<span class=\"bdpp-post-meta-data bdpp-post-date\"><i class=\"bdpp-fa fa-regular fa-clock\"><\/i>2023-09-01<\/span>\t\t<\/div>\r\n\t\t\t\t<div class=\"bdpp-post-content\">\r\n\t\t\t<div class=\"bdpp-post-desc\">Gro\u00dfe Sprachmodelle, auch bekannt als Large Language Models (LLMs), erobern die Welt der K\u00fcnstlichen Intelligenz (KI) und revolutionieren die Art...<\/div>\r\n\t\t\t\t\t\t<a href=\"https:\/\/ki-know-how.de\/en\/von-bert-zu-gpt-4-der-aufstieg-der-grossen-sprachmodelle\" class=\"bdpp-rdmr-btn\">Read More<\/a>\r\n\t\t\t\t\t<\/div>\r\n\t\t\t\t<div class=\"bdpp-post-meta bdpp-post-meta-down\"><span class=\"bdpp-post-meta-data bdpp-post-tags\"><i class=\"bdpp-fa fa-solid fa-tags\"><\/i><a class=\"bdpp-post-cat-link bdpp-post-cat-17 bdpp-post-cat-llms\" href=\"https:\/\/ki-know-how.de\/en\/tag\/llms\">LLMs<\/a><\/span><\/div>\r\n\t\t\t<\/div>\r\n<\/div><div class=\"bdpp-post-grid bdpp-col-3 bdpp-columns bdpp-post-2001 bdpp-post-standard bdpp-has-thumb\">\r\n\t<div class=\"bdpp-post-grid-content\">\r\n\t\t\t\t<div class=\"bdpp-post-img-bg\">\r\n\t\t\t<a href=\"https:\/\/ki-know-how.de\/en\/der-weg-zur-ki-integration-apis-als-schluessel-zum-erfolg\">\r\n\t\t\t\t<img decoding=\"async\" src=\"https:\/\/ki-know-how.de\/wp-content\/uploads\/2023\/08\/pexels-google-deepmind-18069814-150x150.jpg\" class=\"bdpp-img bdpp-post-feat-img\" alt=\"Der Weg zur KI-Integration: APIs als Schl\u00fcssel zum Erfolg\" \/>\r\n\t\t\t\t\t\t\t<\/a>\r\n\t\t<\/div>\r\n\t\t\r\n\t\t<h2 class=\"bdpp-post-title\">\r\n\t\t\t<a href=\"https:\/\/ki-know-how.de\/en\/der-weg-zur-ki-integration-apis-als-schluessel-zum-erfolg\">The Road to AI Integration: APIs as the Key to Success<\/a>\r\n\t\t<\/h2>\r\n\r\n\t\t\t\t<div class=\"bdpp-post-meta bdpp-post-meta-up\">\r\n\t\t\t<span class=\"bdpp-post-meta-data bdpp-post-date\"><i class=\"bdpp-fa fa-regular fa-clock\"><\/i>2023-08-25<\/span>\t\t<\/div>\r\n\t\t\t\t<div class=\"bdpp-post-content\">\r\n\t\t\t<div class=\"bdpp-post-desc\">ChatGPT wird oft einfach als k\u00fcnstliche Intelligenz bezeichnet, was jedoch nicht ganz korrekt ist. Tats\u00e4chlich ist ChatGPT eine Anwendung, die...<\/div>\r\n\t\t\t\t\t\t<a href=\"https:\/\/ki-know-how.de\/en\/der-weg-zur-ki-integration-apis-als-schluessel-zum-erfolg\" class=\"bdpp-rdmr-btn\">Read More<\/a>\r\n\t\t\t\t\t<\/div>\r\n\t\t\t\t<div class=\"bdpp-post-meta bdpp-post-meta-down\"><span class=\"bdpp-post-meta-data bdpp-post-tags\"><i class=\"bdpp-fa fa-solid fa-tags\"><\/i><a class=\"bdpp-post-cat-link bdpp-post-cat-16 bdpp-post-cat-api\" href=\"https:\/\/ki-know-how.de\/en\/tag\/api\">API<\/a>, <a class=\"bdpp-post-cat-link bdpp-post-cat-15 bdpp-post-cat-ki-integration\" href=\"https:\/\/ki-know-how.de\/en\/tag\/ki-integration\">AI-Integration<\/a><\/span><\/div>\r\n\t\t\t<\/div>\r\n<\/div><div class=\"bdpp-post-grid bdpp-col-3 bdpp-columns bdpp-post-1961 bdpp-post-standard bdpp-has-thumb\">\r\n\t<div class=\"bdpp-post-grid-content\">\r\n\t\t\t\t<div class=\"bdpp-post-img-bg\">\r\n\t\t\t<a href=\"https:\/\/ki-know-how.de\/en\/eine-kurze-geschichte-der-kuenstlichen-intelligenz-von-der-antike-bis-chatgpt\">\r\n\t\t\t\t<img decoding=\"async\" src=\"https:\/\/ki-know-how.de\/wp-content\/uploads\/2023\/08\/pexels-tara-winstead-8386434-150x150.jpg\" class=\"bdpp-img bdpp-post-feat-img\" alt=\"Eine kurze Geschichte der k\u00fcnstlichen Intelligenz &#8211; von der Antike bis ChatGPT\" \/>\r\n\t\t\t\t\t\t\t<\/a>\r\n\t\t<\/div>\r\n\t\t\r\n\t\t<h2 class=\"bdpp-post-title\">\r\n\t\t\t<a href=\"https:\/\/ki-know-how.de\/en\/eine-kurze-geschichte-der-kuenstlichen-intelligenz-von-der-antike-bis-chatgpt\">A short History of Artificial Intelligence - from Antiquity to ChatGPT<\/a>\r\n\t\t<\/h2>\r\n\r\n\t\t\t\t<div class=\"bdpp-post-meta bdpp-post-meta-up\">\r\n\t\t\t<span class=\"bdpp-post-meta-data bdpp-post-date\"><i class=\"bdpp-fa fa-regular fa-clock\"><\/i>2023-08-18<\/span>\t\t<\/div>\r\n\t\t\t\t<div class=\"bdpp-post-content\">\r\n\t\t\t<div class=\"bdpp-post-desc\">Die Geschichte der k\u00fcnstlichen Intelligenz (KI) ist eine faszinierende Reise durch technologische Fortschritte, R\u00fcckschl\u00e4ge und bahnbrechende Innovationen. Von den ersten...<\/div>\r\n\t\t\t\t\t\t<a href=\"https:\/\/ki-know-how.de\/en\/eine-kurze-geschichte-der-kuenstlichen-intelligenz-von-der-antike-bis-chatgpt\" class=\"bdpp-rdmr-btn\">Read More<\/a>\r\n\t\t\t\t\t<\/div>\r\n\t\t\t\t<div class=\"bdpp-post-meta bdpp-post-meta-down\"><span class=\"bdpp-post-meta-data bdpp-post-tags\"><i class=\"bdpp-fa fa-solid fa-tags\"><\/i><a class=\"bdpp-post-cat-link bdpp-post-cat-13 bdpp-post-cat-entwicklungen\" href=\"https:\/\/ki-know-how.de\/en\/tag\/entwicklungen\">Developments<\/a><\/span><\/div>\r\n\t\t\t<\/div>\r\n<\/div><div class=\"bdpp-post-grid bdpp-col-3 bdpp-columns bdpp-post-1966 bdpp-post-standard bdpp-first bdpp-has-thumb\">\r\n\t<div class=\"bdpp-post-grid-content\">\r\n\t\t\t\t<div class=\"bdpp-post-img-bg\">\r\n\t\t\t<a href=\"https:\/\/ki-know-how.de\/en\/die-reise-der-kuenstlichen-intelligenz-von-mythologie-zu-realitaet\">\r\n\t\t\t\t<img decoding=\"async\" src=\"https:\/\/ki-know-how.de\/wp-content\/uploads\/2023\/08\/pexels-tara-winstead-8386434-150x150.jpg\" class=\"bdpp-img bdpp-post-feat-img\" alt=\"Die Reise der K\u00fcnstlichen Intelligenz: Von Mythologie zu Realit\u00e4t\" \/>\r\n\t\t\t\t\t\t\t<\/a>\r\n\t\t<\/div>\r\n\t\t\r\n\t\t<h2 class=\"bdpp-post-title\">\r\n\t\t\t<a href=\"https:\/\/ki-know-how.de\/en\/die-reise-der-kuenstlichen-intelligenz-von-mythologie-zu-realitaet\">The Journey of Artificial Intelligence: From Mythology to Reality<\/a>\r\n\t\t<\/h2>\r\n\r\n\t\t\t\t<div class=\"bdpp-post-meta bdpp-post-meta-up\">\r\n\t\t\t<span class=\"bdpp-post-meta-data bdpp-post-date\"><i class=\"bdpp-fa fa-regular fa-clock\"><\/i>2023-08-18<\/span>\t\t<\/div>\r\n\t\t\t\t<div class=\"bdpp-post-content\">\r\n\t\t\t<div class=\"bdpp-post-desc\">(Anmerkung: Der folgende Text ist eine durch ChatGPT umformulierte und gek\u00fcrzte Fassung dieses Blogartikels.) Die Geschichte der K\u00fcnstlichen Intelligenz (KI)...<\/div>\r\n\t\t\t\t\t\t<a href=\"https:\/\/ki-know-how.de\/en\/die-reise-der-kuenstlichen-intelligenz-von-mythologie-zu-realitaet\" class=\"bdpp-rdmr-btn\">Read More<\/a>\r\n\t\t\t\t\t<\/div>\r\n\t\t\t\t<div class=\"bdpp-post-meta bdpp-post-meta-down\"><span class=\"bdpp-post-meta-data bdpp-post-tags\"><i class=\"bdpp-fa fa-solid fa-tags\"><\/i><a class=\"bdpp-post-cat-link bdpp-post-cat-13 bdpp-post-cat-entwicklungen\" href=\"https:\/\/ki-know-how.de\/en\/tag\/entwicklungen\">Developments<\/a>, <a class=\"bdpp-post-cat-link bdpp-post-cat-14 bdpp-post-cat-ki-generiert\" href=\"https:\/\/ki-know-how.de\/en\/tag\/ki-generiert\">AI-generated<\/a><\/span><\/div>\r\n\t\t\t<\/div>\r\n<\/div>\t<\/div>\r\n\t<\/div><\/div>\n\t\t\t\t\t\t<\/div>\n\t\t\t\t<\/div>\n\t\t\t\t\t<\/div>\n\t\t<\/div>\n\t\t\t\t\t<\/div>\n\t\t<\/section>\n\t\t\t\t<section class=\"elementor-section elementor-top-section elementor-element elementor-element-2d0d13a elementor-section-boxed elementor-section-height-default elementor-section-height-default\" data-id=\"2d0d13a\" data-element_type=\"section\" data-e-type=\"section\" data-settings=\"{&quot;background_background&quot;:&quot;classic&quot;}\">\n\t\t\t\t\t\t<div class=\"elementor-container elementor-column-gap-default\">\n\t\t\t\t\t<div class=\"elementor-column elementor-col-100 elementor-top-column elementor-element elementor-element-7c3008aa\" data-id=\"7c3008aa\" data-element_type=\"column\" data-e-type=\"column\" data-settings=\"{&quot;background_background&quot;:&quot;classic&quot;}\">\n\t\t\t<div class=\"elementor-widget-wrap elementor-element-populated\">\n\t\t\t\t\t\t<section class=\"elementor-section elementor-inner-section elementor-element elementor-element-78d3421 elementor-section-content-middle elementor-section-boxed elementor-section-height-default elementor-section-height-default\" data-id=\"78d3421\" data-element_type=\"section\" data-e-type=\"section\">\n\t\t\t\t\t\t<div class=\"elementor-container elementor-column-gap-default\">\n\t\t\t\t\t<div class=\"elementor-column elementor-col-50 elementor-inner-column elementor-element elementor-element-7dc853ce\" data-id=\"7dc853ce\" data-element_type=\"column\" data-e-type=\"column\">\n\t\t\t<div class=\"elementor-widget-wrap elementor-element-populated\">\n\t\t\t\t\t\t<div class=\"elementor-element elementor-element-415ac15f elementor-widget elementor-widget-heading\" data-id=\"415ac15f\" data-element_type=\"widget\" data-e-type=\"widget\" data-widget_type=\"heading.default\">\n\t\t\t\t<div class=\"elementor-widget-container\">\n\t\t\t\t\t<h3 class=\"elementor-heading-title elementor-size-default\">Convinced? Questions? Suggestions?<\/h3>\t\t\t\t<\/div>\n\t\t\t\t<\/div>\n\t\t\t\t<div class=\"elementor-element elementor-element-17fafde0 elementor-widget elementor-widget-text-editor\" data-id=\"17fafde0\" data-element_type=\"widget\" data-e-type=\"widget\" data-widget_type=\"text-editor.default\">\n\t\t\t\t<div class=\"elementor-widget-container\">\n\t\t\t\t\t\t\t\t\t<p>I'm happy to hear from you. You can easily reach me via e-mail, telephone, WhatsApp and social media.<\/p>\t\t\t\t\t\t\t\t<\/div>\n\t\t\t\t<\/div>\n\t\t\t\t\t<\/div>\n\t\t<\/div>\n\t\t\t\t<div class=\"elementor-column elementor-col-50 elementor-inner-column elementor-element elementor-element-7a4be3c9\" data-id=\"7a4be3c9\" data-element_type=\"column\" data-e-type=\"column\">\n\t\t\t<div class=\"elementor-widget-wrap elementor-element-populated\">\n\t\t\t\t\t\t<div class=\"elementor-element elementor-element-35f09805 elementor-align-center elementor-tablet-align-center elementor-widget elementor-widget-button\" data-id=\"35f09805\" data-element_type=\"widget\" data-e-type=\"widget\" data-widget_type=\"button.default\">\n\t\t\t\t<div class=\"elementor-widget-container\">\n\t\t\t\t\t\t\t\t\t<div class=\"elementor-button-wrapper\">\n\t\t\t\t\t<a class=\"elementor-button elementor-button-link elementor-size-sm\" href=\"\/en\/kontakt\/\">\n\t\t\t\t\t\t<span class=\"elementor-button-content-wrapper\">\n\t\t\t\t\t\t\t\t\t<span class=\"elementor-button-text\">Contact<\/span>\n\t\t\t\t\t<\/span>\n\t\t\t\t\t<\/a>\n\t\t\t\t<\/div>\n\t\t\t\t\t\t\t\t<\/div>\n\t\t\t\t<\/div>\n\t\t\t\t\t<\/div>\n\t\t<\/div>\n\t\t\t\t\t<\/div>\n\t\t<\/section>\n\t\t\t\t\t<\/div>\n\t\t<\/div>\n\t\t\t\t\t<\/div>\n\t\t<\/section>\n\t\t\t\t<\/div>","protected":false},"excerpt":{"rendered":"<p>Blog \u00dcberzeugt? Fragen? Anregungen? Ich freue mich \u00fcber Ihre Nachricht. Sie erreichen mich ganz bequem \u00fcber E-Mail, Telefon, WhatsApp und soziale Medien. Kontakt<\/p>","protected":false},"author":2,"featured_media":0,"parent":0,"menu_order":0,"comment_status":"closed","ping_status":"closed","template":"","meta":{"site-sidebar-layout":"no-sidebar","site-content-layout":"page-builder","ast-global-header-display":"","ast-banner-title-visibility":"","ast-main-header-display":"","ast-hfb-above-header-display":"","ast-hfb-below-header-display":"","ast-hfb-mobile-header-display":"","site-post-title":"disabled","ast-breadcrumbs-content":"","ast-featured-img":"disabled","footer-sml-layout":"","theme-transparent-header-meta":"","adv-header-id-meta":"","stick-header-meta":"","header-above-stick-meta":"","header-main-stick-meta":"","header-below-stick-meta":"","footnotes":""},"class_list":["post-1903","page","type-page","status-publish","hentry"],"_links":{"self":[{"href":"https:\/\/ki-know-how.de\/en\/wp-json\/wp\/v2\/pages\/1903","targetHints":{"allow":["GET"]}}],"collection":[{"href":"https:\/\/ki-know-how.de\/en\/wp-json\/wp\/v2\/pages"}],"about":[{"href":"https:\/\/ki-know-how.de\/en\/wp-json\/wp\/v2\/types\/page"}],"author":[{"embeddable":true,"href":"https:\/\/ki-know-how.de\/en\/wp-json\/wp\/v2\/users\/2"}],"replies":[{"embeddable":true,"href":"https:\/\/ki-know-how.de\/en\/wp-json\/wp\/v2\/comments?post=1903"}],"version-history":[{"count":16,"href":"https:\/\/ki-know-how.de\/en\/wp-json\/wp\/v2\/pages\/1903\/revisions"}],"predecessor-version":[{"id":1990,"href":"https:\/\/ki-know-how.de\/en\/wp-json\/wp\/v2\/pages\/1903\/revisions\/1990"}],"wp:attachment":[{"href":"https:\/\/ki-know-how.de\/en\/wp-json\/wp\/v2\/media?parent=1903"}],"curies":[{"name":"wp","href":"https:\/\/api.w.org\/{rel}","templated":true}]}}